{"id":135,"date":"2019-03-09T12:23:13","date_gmt":"2019-03-09T12:23:13","guid":{"rendered":"http:\/\/xn--reitanlage-brnninghausen-xoc.de\/word-press\/?page_id=135"},"modified":"2019-04-01T17:22:18","modified_gmt":"2019-04-01T17:22:18","slug":"kontakt","status":"publish","type":"page","link":"https:\/\/xn--reitanlage-brnninghausen-xoc.de\/?page_id=135","title":{"rendered":"KONTAKT"},"content":{"rendered":"\t\t<div data-elementor-type=\"wp-post\" data-elementor-id=\"135\" class=\"elementor elementor-135 elementor-bc-flex-widget\">\n\t\t\t\t\t\t<section class=\"elementor-section elementor-top-section elementor-element elementor-element-5ea9a26 elementor-section-full_width elementor-section-height-default elementor-section-height-default\" data-id=\"5ea9a26\" data-element_type=\"section\">\n\t\t\t\t\t\t<div class=\"elementor-container elementor-column-gap-default\">\n\t\t\t\t\t<div class=\"elementor-column elementor-col-100 elementor-top-column elementor-element elementor-element-e0ec27c\" data-id=\"e0ec27c\" data-element_type=\"column\">\n\t\t\t<div class=\"elementor-widget-wrap elementor-element-populated\">\n\t\t\t\t\t\t<div class=\"elementor-element elementor-element-1f118c1 elementor-widget elementor-widget-heading\" data-id=\"1f118c1\" data-element_type=\"widget\" data-widget_type=\"heading.default\">\n\t\t\t\t<div class=\"elementor-widget-container\">\n\t\t\t\t\t<h2 class=\"elementor-heading-title elementor-size-xl\">KONTAKT<\/h2>\t\t\t\t<\/div>\n\t\t\t\t<\/div>\n\t\t\t\t\t<\/div>\n\t\t<\/div>\n\t\t\t\t\t<\/div>\n\t\t<\/section>\n\t\t\t\t<section class=\"elementor-section elementor-top-section elementor-element elementor-element-094fdba elementor-section-full_width elementor-section-height-default elementor-section-height-default\" data-id=\"094fdba\" data-element_type=\"section\">\n\t\t\t\t\t\t<div class=\"elementor-container elementor-column-gap-default\">\n\t\t\t\t\t<div class=\"elementor-column elementor-col-50 elementor-top-column elementor-element elementor-element-a4257dd\" data-id=\"a4257dd\" data-element_type=\"column\">\n\t\t\t<div class=\"elementor-widget-wrap elementor-element-populated\">\n\t\t\t\t\t\t<div class=\"elementor-element elementor-element-b78b04b elementor-widget elementor-widget-wp-widget-text\" data-id=\"b78b04b\" data-element_type=\"widget\" data-widget_type=\"wp-widget-text.default\">\n\t\t\t\t<div class=\"elementor-widget-container\">\n\t\t\t\t\t\t\t\t<div class=\"textwidget\"><p>Bei Interesse freuen wir uns \u00fcber eine Kontaktaufnahme<\/p>\n<p class=\"text-left\">Uwe und Anke Schmidt GbR<br \/>\nBechterdisserstra\u00dfe 97 + 99<br \/>\nD-33719 Bielefeld<\/p>\n<p>Telefon: +49 (0) 171 7923290<\/p>\n<p>Email: info@reitanlage-br\u00f6nninghausen.de<\/p>\n<p>Da wir bei einer Besichtigung voll und ganz f\u00fcr Sie und Ihre Fragen zur Verf\u00fcgung stehen m\u00f6chten, bitten wir um eine vorherige Terminvereinbarung.<\/p>\n<p>&nbsp;<\/p>\n<\/div>\n\t\t\t\t\t\t<\/div>\n\t\t\t\t<\/div>\n\t\t\t\t\t<\/div>\n\t\t<\/div>\n\t\t\t\t<div class=\"elementor-column elementor-col-50 elementor-top-column elementor-element elementor-element-7c2ff3f\" data-id=\"7c2ff3f\" data-element_type=\"column\">\n\t\t\t<div class=\"elementor-widget-wrap elementor-element-populated\">\n\t\t\t\t\t\t<div class=\"elementor-element elementor-element-b559042 elementor-widget elementor-widget-google_maps\" data-id=\"b559042\" data-element_type=\"widget\" data-widget_type=\"google_maps.default\">\n\t\t\t\t<div class=\"elementor-widget-container\">\n\t\t\t\t\t\t\t<div class=\"elementor-custom-embed\">\n\t\t\t<iframe loading=\"lazy\"\n\t\t\t\t\tsrc=\"https:\/\/maps.google.com\/maps?q=behcterdisser%20Stra%C3%9Fe%2099%2C%2033719%20Bielefeld&#038;t=m&#038;z=15&#038;output=embed&#038;iwloc=near\"\n\t\t\t\t\ttitle=\"behcterdisser Stra\u00dfe 99, 33719 Bielefeld\"\n\t\t\t\t\taria-label=\"behcterdisser Stra\u00dfe 99, 33719 Bielefeld\"\n\t\t\t><\/iframe>\n\t\t<\/div>\n\t\t\t\t\t\t<\/div>\n\t\t\t\t<\/div>\n\t\t\t\t\t<\/div>\n\t\t<\/div>\n\t\t\t\t\t<\/div>\n\t\t<\/section>\n\t\t\t\t<\/div>\n\t\t","protected":false},"excerpt":{"rendered":"<p>KONTAKT<\/p>\n","protected":false},"author":2,"featured_media":0,"parent":0,"menu_order":0,"comment_status":"closed","ping_status":"closed","template":"elementor_header_footer","meta":{"footnotes":""},"jetpack_sharing_enabled":true,"jetpack_shortlink":"https:\/\/wp.me\/PcJqFT-2b","_links":{"self":[{"href":"https:\/\/xn--reitanlage-brnninghausen-xoc.de\/index.php?rest_route=\/wp\/v2\/pages\/135"}],"collection":[{"href":"https:\/\/xn--reitanlage-brnninghausen-xoc.de\/index.php?rest_route=\/wp\/v2\/pages"}],"about":[{"href":"https:\/\/xn--reitanlage-brnninghausen-xoc.de\/index.php?rest_route=\/wp\/v2\/types\/page"}],"author":[{"embeddable":true,"href":"https:\/\/xn--reitanlage-brnninghausen-xoc.de\/index.php?rest_route=\/wp\/v2\/users\/2"}],"replies":[{"embeddable":true,"href":"https:\/\/xn--reitanlage-brnninghausen-xoc.de\/index.php?rest_route=%2Fwp%2Fv2%2Fcomments&post=135"}],"version-history":[{"count":3,"href":"https:\/\/xn--reitanlage-brnninghausen-xoc.de\/index.php?rest_route=\/wp\/v2\/pages\/135\/revisions"}],"predecessor-version":[{"id":261,"href":"https:\/\/xn--reitanlage-brnninghausen-xoc.de\/index.php?rest_route=\/wp\/v2\/pages\/135\/revisions\/261"}],"wp:attachment":[{"href":"https:\/\/xn--reitanlage-brnninghausen-xoc.de\/index.php?rest_route=%2Fwp%2Fv2%2Fmedia&parent=135"}],"curies":[{"name":"wp","href":"https:\/\/api.w.org\/{rel}","templated":true}]}}