{"id":193,"date":"2019-03-09T16:30:14","date_gmt":"2019-03-09T16:30:14","guid":{"rendered":"http:\/\/xn--reitanlage-brnninghausen-xoc.de\/word-press\/?page_id=193"},"modified":"2019-04-01T17:22:31","modified_gmt":"2019-04-01T17:22:31","slug":"leistungen","status":"publish","type":"page","link":"https:\/\/xn--reitanlage-brnninghausen-xoc.de\/?page_id=193","title":{"rendered":"Leistungen"},"content":{"rendered":"\t\t<div data-elementor-type=\"wp-post\" data-elementor-id=\"193\" class=\"elementor elementor-193 elementor-bc-flex-widget\">\n\t\t\t\t\t\t<section class=\"elementor-section elementor-top-section elementor-element elementor-element-751f9ee elementor-section-full_width elementor-section-height-default elementor-section-height-default\" data-id=\"751f9ee\" data-element_type=\"section\">\n\t\t\t\t\t\t<div class=\"elementor-container elementor-column-gap-default\">\n\t\t\t\t\t<div class=\"elementor-column elementor-col-100 elementor-top-column elementor-element elementor-element-0e61cf2\" data-id=\"0e61cf2\" data-element_type=\"column\">\n\t\t\t<div class=\"elementor-widget-wrap elementor-element-populated\">\n\t\t\t\t\t\t<div class=\"elementor-element elementor-element-7fbfb60 elementor-widget elementor-widget-heading\" data-id=\"7fbfb60\" data-element_type=\"widget\" data-widget_type=\"heading.default\">\n\t\t\t\t<div class=\"elementor-widget-container\">\n\t\t\t\t\t<h2 class=\"elementor-heading-title elementor-size-xl\">unsere leistungen<\/h2>\t\t\t\t<\/div>\n\t\t\t\t<\/div>\n\t\t\t\t\t<\/div>\n\t\t<\/div>\n\t\t\t\t\t<\/div>\n\t\t<\/section>\n\t\t\t\t<section class=\"elementor-section elementor-top-section elementor-element elementor-element-0ade8e3 elementor-section-full_width elementor-section-height-default elementor-section-height-default\" data-id=\"0ade8e3\" data-element_type=\"section\">\n\t\t\t\t\t\t<div class=\"elementor-container elementor-column-gap-default\">\n\t\t\t\t\t<div class=\"elementor-column elementor-col-66 elementor-top-column elementor-element elementor-element-34b16ba\" data-id=\"34b16ba\" data-element_type=\"column\">\n\t\t\t<div class=\"elementor-widget-wrap elementor-element-populated\">\n\t\t\t\t\t\t<div class=\"elementor-element elementor-element-200d261 elementor-widget elementor-widget-text-editor\" data-id=\"200d261\" data-element_type=\"widget\" data-widget_type=\"text-editor.default\">\n\t\t\t\t<div class=\"elementor-widget-container\">\n\t\t\t\t\t\t\t\t\t<p>Aktuell k\u00f6nnen Pferdebesitzer\/ Interessenten zwischen Boxen mit und ohne Fenster, Paddockboxen und einem Platz im Offenstall w\u00e4hlen.<\/p><p>Ganzj\u00e4hrig bekommen die Pferde die M\u00f6glichkeit tags\u00fcber auf einem der top gepflegten Paddocks die Zeit zu verbringen.\u00a0<\/p><p>Hierf\u00fcr stehen 5000qm Paddockfl\u00e4che zur Verf\u00fcgung. Ob dies alleine, zu zweit oder in der Gruppe, das wird ganz individuell mit den Besitzern gemeinsam entschieden.\u00a0<\/p><p>Durch die Vielzahl und die Gr\u00f6\u00dfe der Paddockfl\u00e4chen bietet sich die M\u00f6glichkeit, dass die Pferde auch im Winter mindestens einen halben Tag nach drau\u00dfen k\u00f6nnen.<\/p><p>Als ganz innovatives Highlight bietet die Reitanlage Br\u00f6nninghausen drei sogenannte Invalidenpaddocks. Mit diesen 3,5 x 3,5 m grossen Paddocks ist gew\u00e4hrleistet, dass auch gesundheitlich angeschlagene Pferde tags\u00fcber eine Luftver\u00e4nderung haben und nicht alleine im Stall zur\u00fcckbleiben.\u00a0<\/p><p>So bleibt auch der so wichtige Kontakt mit den Artgenossen immer bestehen.<\/p><p>Im Sommer stehen auf der gesamten Anlage 75.000qm Weiden zur Verf\u00fcgung, welche selbstverst\u00e4ndlich sicherheitsorientiert eingez\u00e4unt sind.\u00a0<\/p><p>Die Weiden verf\u00fcgen alle \u00fcber nahegelegende Wasserstellen, so dass eine nahe Wasserversorgung immer gegeben ist.<\/p>\t\t\t\t\t\t\t\t<\/div>\n\t\t\t\t<\/div>\n\t\t\t\t\t<\/div>\n\t\t<\/div>\n\t\t\t\t<div class=\"elementor-column elementor-col-33 elementor-top-column elementor-element elementor-element-25330d1\" data-id=\"25330d1\" data-element_type=\"column\">\n\t\t\t<div class=\"elementor-widget-wrap elementor-element-populated\">\n\t\t\t\t\t\t<div class=\"elementor-element elementor-element-bad7192 elementor-pagination-position-outside elementor-widget elementor-widget-image-carousel\" data-id=\"bad7192\" data-element_type=\"widget\" data-settings=\"{&quot;slides_to_show&quot;:&quot;1&quot;,&quot;navigation&quot;:&quot;dots&quot;,&quot;autoplay&quot;:&quot;yes&quot;,&quot;pause_on_hover&quot;:&quot;yes&quot;,&quot;pause_on_interaction&quot;:&quot;yes&quot;,&quot;autoplay_speed&quot;:5000,&quot;infinite&quot;:&quot;yes&quot;,&quot;effect&quot;:&quot;slide&quot;,&quot;speed&quot;:500}\" data-widget_type=\"image-carousel.default\">\n\t\t\t\t<div class=\"elementor-widget-container\">\n\t\t\t\t\t\t\t<div class=\"elementor-image-carousel-wrapper swiper\" role=\"region\" aria-roledescription=\"carousel\" aria-label=\"Bild Karussell\" dir=\"ltr\">\n\t\t\t<div class=\"elementor-image-carousel swiper-wrapper\" aria-live=\"off\">\n\t\t\t\t\t\t\t\t<div class=\"swiper-slide\" role=\"group\" aria-roledescription=\"slide\" aria-label=\"1 von 4\"><figure class=\"swiper-slide-inner\"><img decoding=\"async\" class=\"swiper-slide-image\" src=\"https:\/\/i0.wp.com\/xn--reitanlage-brnninghausen-xoc.de\/word-press\/wp-content\/uploads\/2019\/03\/13227366_1344983222197329_2579917880929367865_o.jpg?fit=768%2C510&amp;ssl=1\" alt=\"13227366_1344983222197329_2579917880929367865_o\" \/><\/figure><\/div><div class=\"swiper-slide\" role=\"group\" aria-roledescription=\"slide\" aria-label=\"2 von 4\"><figure class=\"swiper-slide-inner\"><img decoding=\"async\" class=\"swiper-slide-image\" src=\"https:\/\/i0.wp.com\/xn--reitanlage-brnninghausen-xoc.de\/word-press\/wp-content\/uploads\/2019\/03\/Blick_auf_Hof-e1552149024283.jpg?fit=636%2C429&amp;ssl=1\" alt=\"Blick_auf_Hof\" \/><\/figure><\/div><div class=\"swiper-slide\" role=\"group\" aria-roledescription=\"slide\" aria-label=\"3 von 4\"><figure class=\"swiper-slide-inner\"><img decoding=\"async\" class=\"swiper-slide-image\" src=\"https:\/\/i0.wp.com\/xn--reitanlage-brnninghausen-xoc.de\/word-press\/wp-content\/uploads\/2019\/03\/Gang_Renterpaddock-e1552149002121.jpg?fit=636%2C506&amp;ssl=1\" alt=\"Gang_Renterpaddock\" \/><\/figure><\/div><div class=\"swiper-slide\" role=\"group\" aria-roledescription=\"slide\" aria-label=\"4 von 4\"><figure class=\"swiper-slide-inner\"><img decoding=\"async\" class=\"swiper-slide-image\" src=\"https:\/\/i0.wp.com\/xn--reitanlage-brnninghausen-xoc.de\/word-press\/wp-content\/uploads\/2019\/03\/Weide.jpg?fit=768%2C509&amp;ssl=1\" alt=\"Weide\" \/><\/figure><\/div>\t\t\t<\/div>\n\t\t\t\t\t\t\t\n\t\t\t\t\t\t\t\t\t<div class=\"swiper-pagination\"><\/div>\n\t\t\t\t\t\t\t\t\t<\/div>\n\t\t\t\t\t\t<\/div>\n\t\t\t\t<\/div>\n\t\t\t\t\t<\/div>\n\t\t<\/div>\n\t\t\t\t\t<\/div>\n\t\t<\/section>\n\t\t\t\t<section class=\"elementor-section elementor-top-section elementor-element elementor-element-2a863cd elementor-section-full_width elementor-section-height-default elementor-section-height-default\" data-id=\"2a863cd\" data-element_type=\"section\">\n\t\t\t\t\t\t<div class=\"elementor-container elementor-column-gap-default\">\n\t\t\t\t\t<div class=\"elementor-column elementor-col-33 elementor-top-column elementor-element elementor-element-3fcd241\" data-id=\"3fcd241\" data-element_type=\"column\">\n\t\t\t<div class=\"elementor-widget-wrap elementor-element-populated\">\n\t\t\t\t\t\t<div class=\"elementor-element elementor-element-d171a0e elementor-widget elementor-widget-image\" data-id=\"d171a0e\" data-element_type=\"widget\" data-widget_type=\"image.default\">\n\t\t\t\t<div class=\"elementor-widget-container\">\n\t\t\t\t\t\t\t\t\t\t\t\t\t\t\t<img fetchpriority=\"high\" decoding=\"async\" width=\"276\" height=\"300\" src=\"https:\/\/i0.wp.com\/xn--reitanlage-brnninghausen-xoc.de\/word-press\/wp-content\/uploads\/2019\/03\/uwe_und_Anke.jpg?fit=276%2C300&amp;ssl=1\" class=\"attachment-medium size-medium wp-image-31\" alt=\"\" srcset=\"https:\/\/i0.wp.com\/xn--reitanlage-brnninghausen-xoc.de\/word-press\/wp-content\/uploads\/2019\/03\/uwe_und_Anke.jpg?w=1893&amp;ssl=1 1893w, https:\/\/i0.wp.com\/xn--reitanlage-brnninghausen-xoc.de\/word-press\/wp-content\/uploads\/2019\/03\/uwe_und_Anke.jpg?resize=276%2C300&amp;ssl=1 276w, https:\/\/i0.wp.com\/xn--reitanlage-brnninghausen-xoc.de\/word-press\/wp-content\/uploads\/2019\/03\/uwe_und_Anke.jpg?resize=768%2C835&amp;ssl=1 768w, https:\/\/i0.wp.com\/xn--reitanlage-brnninghausen-xoc.de\/word-press\/wp-content\/uploads\/2019\/03\/uwe_und_Anke.jpg?resize=942%2C1024&amp;ssl=1 942w\" sizes=\"(max-width: 276px) 100vw, 276px\" \/>\t\t\t\t\t\t\t\t\t\t\t\t\t\t\t<\/div>\n\t\t\t\t<\/div>\n\t\t\t\t\t<\/div>\n\t\t<\/div>\n\t\t\t\t<div class=\"elementor-column elementor-col-66 elementor-top-column elementor-element elementor-element-7964258\" data-id=\"7964258\" data-element_type=\"column\">\n\t\t\t<div class=\"elementor-widget-wrap elementor-element-populated\">\n\t\t\t\t\t\t<div class=\"elementor-element elementor-element-c566af1 elementor-widget elementor-widget-text-editor\" data-id=\"c566af1\" data-element_type=\"widget\" data-widget_type=\"text-editor.default\">\n\t\t\t\t<div class=\"elementor-widget-container\">\n\t\t\t\t\t\t\t\t\t<p>Es wird grunds\u00e4tzlich 3 mal t\u00e4glich gef\u00fcttert.<\/p><p>Hier stehen den Einstallern Kraftfutter, M\u00fcsli und Pellets zur Verf\u00fcgung.<\/p><p>Zus\u00e4tzlich sieht der Futterplan 3 mal t\u00e4glich Heu oder Heulage vor.<\/p><p>Selbstverst\u00e4ndlich wird bei der Futterart und der Menge sowohl beim Kraft- wie beim Rauhfutter ganz individuell auf die Bed\u00fcrfnisse der Pferde und auch auf die W\u00fcnsche der Besitzer eingegangen.<\/p><p>Gerne stehen wir hier beratend zur Seite.<\/p>\t\t\t\t\t\t\t\t<\/div>\n\t\t\t\t<\/div>\n\t\t\t\t\t<\/div>\n\t\t<\/div>\n\t\t\t\t\t<\/div>\n\t\t<\/section>\n\t\t\t\t<\/div>\n\t\t","protected":false},"excerpt":{"rendered":"<p>unsere leistungen Aktuell k\u00f6nnen Pferdebesitzer\/ Interessenten zwischen Boxen mit und ohne Fenster, Paddockboxen und einem Platz im Offenstall w\u00e4hlen. Ganzj\u00e4hrig bekommen die Pferde die M\u00f6glichkeit tags\u00fcber auf einem der top gepflegten Paddocks die Zeit zu verbringen.\u00a0 Hierf\u00fcr stehen 5000qm Paddockfl\u00e4che zur Verf\u00fcgung. Ob dies alleine, zu zweit oder in der Gruppe, das wird ganz individuell &#8230; <a title=\"Leistungen\" class=\"read-more\" href=\"https:\/\/xn--reitanlage-brnninghausen-xoc.de\/?page_id=193\" aria-label=\"Mehr dazu unter Leistungen\">Weiterlesen<\/a><\/p>\n","protected":false},"author":2,"featured_media":0,"parent":0,"menu_order":0,"comment_status":"closed","ping_status":"closed","template":"elementor_header_footer","meta":{"footnotes":""},"jetpack_sharing_enabled":true,"jetpack_shortlink":"https:\/\/wp.me\/PcJqFT-37","_links":{"self":[{"href":"https:\/\/xn--reitanlage-brnninghausen-xoc.de\/index.php?rest_route=\/wp\/v2\/pages\/193"}],"collection":[{"href":"https:\/\/xn--reitanlage-brnninghausen-xoc.de\/index.php?rest_route=\/wp\/v2\/pages"}],"about":[{"href":"https:\/\/xn--reitanlage-brnninghausen-xoc.de\/index.php?rest_route=\/wp\/v2\/types\/page"}],"author":[{"embeddable":true,"href":"https:\/\/xn--reitanlage-brnninghausen-xoc.de\/index.php?rest_route=\/wp\/v2\/users\/2"}],"replies":[{"embeddable":true,"href":"https:\/\/xn--reitanlage-brnninghausen-xoc.de\/index.php?rest_route=%2Fwp%2Fv2%2Fcomments&post=193"}],"version-history":[{"count":6,"href":"https:\/\/xn--reitanlage-brnninghausen-xoc.de\/index.php?rest_route=\/wp\/v2\/pages\/193\/revisions"}],"predecessor-version":[{"id":262,"href":"https:\/\/xn--reitanlage-brnninghausen-xoc.de\/index.php?rest_route=\/wp\/v2\/pages\/193\/revisions\/262"}],"wp:attachment":[{"href":"https:\/\/xn--reitanlage-brnninghausen-xoc.de\/index.php?rest_route=%2Fwp%2Fv2%2Fmedia&parent=193"}],"curies":[{"name":"wp","href":"https:\/\/api.w.org\/{rel}","templated":true}]}}